{"id":133,"date":"2023-10-11T11:40:01","date_gmt":"2023-10-11T11:40:01","guid":{"rendered":"https:\/\/frz.world\/alambic\/archive\/"},"modified":"2023-10-11T11:41:52","modified_gmt":"2023-10-11T11:41:52","slug":"archive","status":"publish","type":"page","link":"https:\/\/alambicproduction.com\/fr\/archive\/","title":{"rendered":"Archive"},"content":{"rendered":"\n<p>Founded in 2019 in Paris, ALAMBIC is a production company with a mission to produce, distribute, and<br\/>showcase creative works across the spectrum of cinema, audiovisual, multimedia, and digital arts. Depuis sa cr\u00e9ation, ALAMBIC PRODUCTION est engag\u00e9 dans des projets de collaboration avec les nations europ\u00e9ennes et les \u00c9tats-Unis. Ces initiatives se concentrent principalement sur les productions cr\u00e9atives des pays du Moyen-Orient tels que l&rsquo;Iran, l&rsquo;Afghanistan, la Turquie, etc., ainsi que sur les projets du Caucase du Sud (G\u00e9orgie, Arm\u00e9nie et Azerba\u00efdjan).<\/p>\n","protected":false},"excerpt":{"rendered":"<p>Founded in 2019 in Paris, ALAMBIC is a production company with a mission to produce, distribute, andshowcase creative works across the spectrum of cinema, audiovisual, multimedia, and digital arts. Depuis sa cr\u00e9ation, ALAMBIC PRODUCTION est engag\u00e9 dans des projets de collaboration avec les nations europ\u00e9ennes et les \u00c9tats-Unis. Ces initiatives se concentrent principalement sur les [&hellip;]<\/p>\n","protected":false},"author":1,"featured_media":0,"parent":0,"menu_order":0,"comment_status":"closed","ping_status":"closed","template":"","meta":{"_acf_changed":false,"inline_featured_image":false,"footnotes":""},"class_list":["post-133","page","type-page","status-publish","hentry"],"acf":[],"yoast_head":"<!-- This site is optimized with the Yoast SEO plugin v27.4 - https:\/\/yoast.com\/product\/yoast-seo-wordpress\/ -->\n<title>Archive - Alambic Production<\/title>\n<meta name=\"robots\" content=\"index, follow, max-snippet:-1, max-image-preview:large, max-video-preview:-1\" \/>\n<link rel=\"canonical\" href=\"https:\/\/alambicproduction.com\/fr\/archive\/\" \/>\n<meta property=\"og:locale\" content=\"fr_FR\" \/>\n<meta property=\"og:type\" content=\"article\" \/>\n<meta property=\"og:title\" content=\"Archive - Alambic Production\" \/>\n<meta property=\"og:description\" content=\"Founded in 2019 in Paris, ALAMBIC is a production company with a mission to produce, distribute, andshowcase creative works across the spectrum of cinema, audiovisual, multimedia, and digital arts. Depuis sa cr\u00e9ation, ALAMBIC PRODUCTION est engag\u00e9 dans des projets de collaboration avec les nations europ\u00e9ennes et les \u00c9tats-Unis. Ces initiatives se concentrent principalement sur les [&hellip;]\" \/>\n<meta property=\"og:url\" content=\"https:\/\/alambicproduction.com\/fr\/archive\/\" \/>\n<meta property=\"og:site_name\" content=\"Alambic Production\" \/>\n<meta property=\"article:modified_time\" content=\"2023-10-11T11:41:52+00:00\" \/>\n<meta name=\"twitter:card\" content=\"summary_large_image\" \/>\n<script type=\"application\/ld+json\" class=\"yoast-schema-graph\">{\"@context\":\"https:\\\/\\\/schema.org\",\"@graph\":[{\"@type\":\"WebPage\",\"@id\":\"https:\\\/\\\/alambicproduction.com\\\/fr\\\/archive\\\/\",\"url\":\"https:\\\/\\\/alambicproduction.com\\\/fr\\\/archive\\\/\",\"name\":\"Archive - Alambic Production\",\"isPartOf\":{\"@id\":\"https:\\\/\\\/alambicproduction.com\\\/fr\\\/#website\"},\"datePublished\":\"2023-10-11T11:40:01+00:00\",\"dateModified\":\"2023-10-11T11:41:52+00:00\",\"breadcrumb\":{\"@id\":\"https:\\\/\\\/alambicproduction.com\\\/fr\\\/archive\\\/#breadcrumb\"},\"inLanguage\":\"fr-FR\",\"potentialAction\":[{\"@type\":\"ReadAction\",\"target\":[\"https:\\\/\\\/alambicproduction.com\\\/fr\\\/archive\\\/\"]}]},{\"@type\":\"BreadcrumbList\",\"@id\":\"https:\\\/\\\/alambicproduction.com\\\/fr\\\/archive\\\/#breadcrumb\",\"itemListElement\":[{\"@type\":\"ListItem\",\"position\":1,\"name\":\"Home\",\"item\":\"https:\\\/\\\/alambicproduction.com\\\/fr\\\/\"},{\"@type\":\"ListItem\",\"position\":2,\"name\":\"Archive\"}]},{\"@type\":\"WebSite\",\"@id\":\"https:\\\/\\\/alambicproduction.com\\\/fr\\\/#website\",\"url\":\"https:\\\/\\\/alambicproduction.com\\\/fr\\\/\",\"name\":\"Alambic Production\",\"description\":\"Official website\",\"potentialAction\":[{\"@type\":\"SearchAction\",\"target\":{\"@type\":\"EntryPoint\",\"urlTemplate\":\"https:\\\/\\\/alambicproduction.com\\\/fr\\\/?s={search_term_string}\"},\"query-input\":{\"@type\":\"PropertyValueSpecification\",\"valueRequired\":true,\"valueName\":\"search_term_string\"}}],\"inLanguage\":\"fr-FR\"}]}<\/script>\n<!-- \/ Yoast SEO plugin. -->","yoast_head_json":{"title":"Archive - Alambic Production","robots":{"index":"index","follow":"follow","max-snippet":"max-snippet:-1","max-image-preview":"max-image-preview:large","max-video-preview":"max-video-preview:-1"},"canonical":"https:\/\/alambicproduction.com\/fr\/archive\/","og_locale":"fr_FR","og_type":"article","og_title":"Archive - Alambic Production","og_description":"Founded in 2019 in Paris, ALAMBIC is a production company with a mission to produce, distribute, andshowcase creative works across the spectrum of cinema, audiovisual, multimedia, and digital arts. Depuis sa cr\u00e9ation, ALAMBIC PRODUCTION est engag\u00e9 dans des projets de collaboration avec les nations europ\u00e9ennes et les \u00c9tats-Unis. Ces initiatives se concentrent principalement sur les [&hellip;]","og_url":"https:\/\/alambicproduction.com\/fr\/archive\/","og_site_name":"Alambic Production","article_modified_time":"2023-10-11T11:41:52+00:00","twitter_card":"summary_large_image","schema":{"@context":"https:\/\/schema.org","@graph":[{"@type":"WebPage","@id":"https:\/\/alambicproduction.com\/fr\/archive\/","url":"https:\/\/alambicproduction.com\/fr\/archive\/","name":"Archive - Alambic Production","isPartOf":{"@id":"https:\/\/alambicproduction.com\/fr\/#website"},"datePublished":"2023-10-11T11:40:01+00:00","dateModified":"2023-10-11T11:41:52+00:00","breadcrumb":{"@id":"https:\/\/alambicproduction.com\/fr\/archive\/#breadcrumb"},"inLanguage":"fr-FR","potentialAction":[{"@type":"ReadAction","target":["https:\/\/alambicproduction.com\/fr\/archive\/"]}]},{"@type":"BreadcrumbList","@id":"https:\/\/alambicproduction.com\/fr\/archive\/#breadcrumb","itemListElement":[{"@type":"ListItem","position":1,"name":"Home","item":"https:\/\/alambicproduction.com\/fr\/"},{"@type":"ListItem","position":2,"name":"Archive"}]},{"@type":"WebSite","@id":"https:\/\/alambicproduction.com\/fr\/#website","url":"https:\/\/alambicproduction.com\/fr\/","name":"Alambic Production","description":"Official website","potentialAction":[{"@type":"SearchAction","target":{"@type":"EntryPoint","urlTemplate":"https:\/\/alambicproduction.com\/fr\/?s={search_term_string}"},"query-input":{"@type":"PropertyValueSpecification","valueRequired":true,"valueName":"search_term_string"}}],"inLanguage":"fr-FR"}]}},"_links":{"self":[{"href":"https:\/\/alambicproduction.com\/fr\/wp-json\/wp\/v2\/pages\/133","targetHints":{"allow":["GET"]}}],"collection":[{"href":"https:\/\/alambicproduction.com\/fr\/wp-json\/wp\/v2\/pages"}],"about":[{"href":"https:\/\/alambicproduction.com\/fr\/wp-json\/wp\/v2\/types\/page"}],"author":[{"embeddable":true,"href":"https:\/\/alambicproduction.com\/fr\/wp-json\/wp\/v2\/users\/1"}],"replies":[{"embeddable":true,"href":"https:\/\/alambicproduction.com\/fr\/wp-json\/wp\/v2\/comments?post=133"}],"version-history":[{"count":1,"href":"https:\/\/alambicproduction.com\/fr\/wp-json\/wp\/v2\/pages\/133\/revisions"}],"predecessor-version":[{"id":134,"href":"https:\/\/alambicproduction.com\/fr\/wp-json\/wp\/v2\/pages\/133\/revisions\/134"}],"wp:attachment":[{"href":"https:\/\/alambicproduction.com\/fr\/wp-json\/wp\/v2\/media?parent=133"}],"curies":[{"name":"wp","href":"https:\/\/api.w.org\/{rel}","templated":true}]}}